{"id":1921,"date":"2025-06-12T11:17:58","date_gmt":"2025-06-12T09:17:58","guid":{"rendered":"https:\/\/www.vilarohacka.sk\/skrzynka-scienna\/"},"modified":"2025-07-23T09:21:40","modified_gmt":"2025-07-23T07:21:40","slug":"skrzynka-scienna","status":"publish","type":"page","link":"https:\/\/www.vilarohacka.sk\/pl\/skrzynka-scienna\/","title":{"rendered":"Skrzynka \u015bcienna"},"content":{"rendered":"\t\t<div data-elementor-type=\"wp-page\" data-elementor-id=\"1921\" class=\"elementor elementor-1921 elementor-328\" data-elementor-post-type=\"page\">\n\t\t\t\t<div class=\"elementor-element elementor-element-c246b12 e-flex e-con-boxed e-con e-parent\" data-id=\"c246b12\" data-element_type=\"container\" data-e-type=\"container\" data-settings=\"{&quot;background_background&quot;:&quot;classic&quot;}\">\n\t\t\t\t\t<div class=\"e-con-inner\">\n\t\t<div class=\"elementor-element elementor-element-83f02e7 e-con-full e-flex e-con e-child\" data-id=\"83f02e7\" data-element_type=\"container\" data-e-type=\"container\">\n\t\t\t\t<div class=\"elementor-element elementor-element-8c833d9 animated-slow elementor-invisible elementor-widget elementor-widget-heading\" data-id=\"8c833d9\" data-element_type=\"widget\" data-e-type=\"widget\" data-settings=\"{&quot;_animation&quot;:&quot;fadeIn&quot;}\" data-widget_type=\"heading.default\">\n\t\t\t\t<div class=\"elementor-widget-container\">\n\t\t\t\t\t<h1 class=\"elementor-heading-title elementor-size-default\">Wallbox w willi Roh\u00e1\u010dka<\/h1>\t\t\t\t<\/div>\n\t\t\t\t<\/div>\n\t\t\t\t<div class=\"elementor-element elementor-element-83f6791 animated-slow elementor-invisible elementor-widget elementor-widget-text-editor\" data-id=\"83f6791\" data-element_type=\"widget\" data-e-type=\"widget\" data-settings=\"{&quot;_animation&quot;:&quot;fadeIn&quot;,&quot;_animation_delay&quot;:200}\" data-widget_type=\"text-editor.default\">\n\t\t\t\t<div class=\"elementor-widget-container\">\n\t\t\t\t\t\t\t\t\t<p>Naszym go\u015bciom oferujemy nowoczesn\u0105 stacj\u0119 \u0142adowania Wallbox do wygodnego \u0142adowania samochod\u00f3w elektrycznych bezpo\u015brednio na parkingu.<\/p>\t\t\t\t\t\t\t\t<\/div>\n\t\t\t\t<\/div>\n\t\t\t\t<\/div>\n\t\t\t\t\t<\/div>\n\t\t\t\t<\/div>\n\t\t<div class=\"elementor-element elementor-element-7c5455a e-flex e-con-boxed e-con e-parent\" data-id=\"7c5455a\" data-element_type=\"container\" data-e-type=\"container\" data-settings=\"{&quot;background_background&quot;:&quot;classic&quot;}\">\n\t\t\t\t\t<div class=\"e-con-inner\">\n\t\t<div class=\"elementor-element elementor-element-7b994bf e-con-full e-flex e-con e-child\" data-id=\"7b994bf\" data-element_type=\"container\" data-e-type=\"container\">\n\t\t\t\t<div class=\"elementor-element elementor-element-a7c3414 elementor-widget elementor-widget-heading\" data-id=\"a7c3414\" data-element_type=\"widget\" data-e-type=\"widget\" data-widget_type=\"heading.default\">\n\t\t\t\t<div class=\"elementor-widget-container\">\n\t\t\t\t\t<h2 class=\"elementor-heading-title elementor-size-default\">Wygodne \u0142adowanie samochod\u00f3w elektrycznych dla go\u015bci<\/h2>\t\t\t\t<\/div>\n\t\t\t\t<\/div>\n\t\t\t\t<\/div>\n\t\t<div class=\"elementor-element elementor-element-dbdaf80 e-con-full e-flex e-con e-child\" data-id=\"dbdaf80\" data-element_type=\"container\" data-e-type=\"container\">\n\t\t\t\t<div class=\"elementor-element elementor-element-cd8e456 elementor-widget elementor-widget-text-editor\" data-id=\"cd8e456\" data-element_type=\"widget\" data-e-type=\"widget\" data-widget_type=\"text-editor.default\">\n\t\t\t\t<div class=\"elementor-widget-container\">\n\t\t\t\t\t\t\t\t\t<p data-start=\"574\" data-end=\"837\">Oferujemy <strong>nowoczesn\u0105 stacj\u0119 \u0142adowania Wallbox<\/strong> bezpo\u015brednio na parkingu, dzi\u0119ki czemu mo\u017cna wygodnie na\u0142adowa\u0107 samoch\u00f3d elektryczny podczas pobytu. <strong>\u0141adowanie jest szybkie, bezpieczne<\/strong> i dost\u0119pne dla wszystkich popularnych typ\u00f3w pojazd\u00f3w elektrycznych. Ciesz si\u0119 <strong>beztroskim pobytem<\/strong>, nie martwi\u0105c si\u0119 o \u0142adowanie pojazdu w pi\u0119knym otoczeniu Orawy. <\/p>\t\t\t\t\t\t\t\t<\/div>\n\t\t\t\t<\/div>\n\t\t\t\t<\/div>\n\t\t\t\t\t<\/div>\n\t\t\t\t<\/div>\n\t\t<div class=\"elementor-element elementor-element-b81d537 e-flex e-con-boxed e-con e-parent\" data-id=\"b81d537\" data-element_type=\"container\" data-e-type=\"container\">\n\t\t\t\t\t<div class=\"e-con-inner\">\n\t\t\t\t<div class=\"elementor-element elementor-element-5b9dac0 elementor-widget elementor-widget-heading\" data-id=\"5b9dac0\" data-element_type=\"widget\" data-e-type=\"widget\" data-widget_type=\"heading.default\">\n\t\t\t\t<div class=\"elementor-widget-container\">\n\t\t\t\t\t<h2 class=\"elementor-heading-title elementor-size-default\">Jak korzysta\u0107 z Wallbox?<\/h2>\t\t\t\t<\/div>\n\t\t\t\t<\/div>\n\t\t<div class=\"elementor-element elementor-element-7e0c6dd e-con-full e-flex e-con e-child\" data-id=\"7e0c6dd\" data-element_type=\"container\" data-e-type=\"container\">\n\t\t<div class=\"elementor-element elementor-element-7486440 e-con-full e-grid e-con e-child\" data-id=\"7486440\" data-element_type=\"container\" data-e-type=\"container\">\n\t\t\t\t<div class=\"elementor-element elementor-element-8b55bf8 elementor-view-default elementor-position-block-start elementor-mobile-position-block-start elementor-widget elementor-widget-icon-box\" data-id=\"8b55bf8\" data-element_type=\"widget\" data-e-type=\"widget\" data-widget_type=\"icon-box.default\">\n\t\t\t\t<div class=\"elementor-widget-container\">\n\t\t\t\t\t\t\t<div class=\"elementor-icon-box-wrapper\">\n\n\t\t\t\t\t\t<div class=\"elementor-icon-box-icon\">\n\t\t\t\t<span  class=\"elementor-icon elementor-animation-grow\">\n\t\t\t\t<svg aria-hidden=\"true\" class=\"e-font-icon-svg e-fas-info\" viewBox=\"0 0 192 512\" xmlns=\"http:\/\/www.w3.org\/2000\/svg\"><path d=\"M20 424.229h20V279.771H20c-11.046 0-20-8.954-20-20V212c0-11.046 8.954-20 20-20h112c11.046 0 20 8.954 20 20v212.229h20c11.046 0 20 8.954 20 20V492c0 11.046-8.954 20-20 20H20c-11.046 0-20-8.954-20-20v-47.771c0-11.046 8.954-20 20-20zM96 0C56.235 0 24 32.235 24 72s32.235 72 72 72 72-32.235 72-72S135.764 0 96 0z\"><\/path><\/svg>\t\t\t\t<\/span>\n\t\t\t<\/div>\n\t\t\t\n\t\t\t\t\t\t<div class=\"elementor-icon-box-content\">\n\n\t\t\t\t\n\t\t\t\t\t\t\t\t\t<p class=\"elementor-icon-box-description\">\n\t\t\t\t\t\tPo przyje\u017adzie nale\u017cy poinformowa\u0107 o konieczno\u015bci na\u0142adowania samochodu elektrycznego.\t\t\t\t\t<\/p>\n\t\t\t\t\n\t\t\t<\/div>\n\t\t\t\n\t\t<\/div>\n\t\t\t\t\t\t<\/div>\n\t\t\t\t<\/div>\n\t\t\t\t<div class=\"elementor-element elementor-element-cfa71e6 elementor-view-default elementor-position-block-start elementor-mobile-position-block-start elementor-widget elementor-widget-icon-box\" data-id=\"cfa71e6\" data-element_type=\"widget\" data-e-type=\"widget\" data-widget_type=\"icon-box.default\">\n\t\t\t\t<div class=\"elementor-widget-container\">\n\t\t\t\t\t\t\t<div class=\"elementor-icon-box-wrapper\">\n\n\t\t\t\t\t\t<div class=\"elementor-icon-box-icon\">\n\t\t\t\t<span  class=\"elementor-icon elementor-animation-grow\">\n\t\t\t\t<svg aria-hidden=\"true\" class=\"e-font-icon-svg e-fas-battery-three-quarters\" viewBox=\"0 0 640 512\" xmlns=\"http:\/\/www.w3.org\/2000\/svg\"><path d=\"M544 160v64h32v64h-32v64H64V160h480m16-64H48c-26.51 0-48 21.49-48 48v224c0 26.51 21.49 48 48 48h512c26.51 0 48-21.49 48-48v-16h8c13.255 0 24-10.745 24-24V184c0-13.255-10.745-24-24-24h-8v-16c0-26.51-21.49-48-48-48zm-144 96H96v128h320V192z\"><\/path><\/svg>\t\t\t\t<\/span>\n\t\t\t<\/div>\n\t\t\t\n\t\t\t\t\t\t<div class=\"elementor-icon-box-content\">\n\n\t\t\t\t\n\t\t\t\t\t\t\t\t\t<p class=\"elementor-icon-box-description\">\n\t\t\t\t\t\tDost\u0119p do \u0142adowarki mo\u017cna \u0142atwo uzyska\u0107 w recepcji lub bezpo\u015brednio na parkingu\t\t\t\t\t<\/p>\n\t\t\t\t\n\t\t\t<\/div>\n\t\t\t\n\t\t<\/div>\n\t\t\t\t\t\t<\/div>\n\t\t\t\t<\/div>\n\t\t\t\t<div class=\"elementor-element elementor-element-d9f9373 elementor-view-default elementor-position-block-start elementor-mobile-position-block-start elementor-widget elementor-widget-icon-box\" data-id=\"d9f9373\" data-element_type=\"widget\" data-e-type=\"widget\" data-widget_type=\"icon-box.default\">\n\t\t\t\t<div class=\"elementor-widget-container\">\n\t\t\t\t\t\t\t<div class=\"elementor-icon-box-wrapper\">\n\n\t\t\t\t\t\t<div class=\"elementor-icon-box-icon\">\n\t\t\t\t<span  class=\"elementor-icon elementor-animation-grow\">\n\t\t\t\t<svg aria-hidden=\"true\" class=\"e-font-icon-svg e-fas-euro-sign\" viewBox=\"0 0 320 512\" xmlns=\"http:\/\/www.w3.org\/2000\/svg\"><path d=\"M310.706 413.765c-1.314-6.63-7.835-10.872-14.424-9.369-10.692 2.439-27.422 5.413-45.426 5.413-56.763 0-101.929-34.79-121.461-85.449h113.689a12 12 0 0 0 11.708-9.369l6.373-28.36c1.686-7.502-4.019-14.631-11.708-14.631H115.22c-1.21-14.328-1.414-28.287.137-42.245H261.95a12 12 0 0 0 11.723-9.434l6.512-29.755c1.638-7.484-4.061-14.566-11.723-14.566H130.184c20.633-44.991 62.69-75.03 117.619-75.03 14.486 0 28.564 2.25 37.851 4.145 6.216 1.268 12.347-2.498 14.002-8.623l11.991-44.368c1.822-6.741-2.465-13.616-9.326-14.917C290.217 34.912 270.71 32 249.635 32 152.451 32 74.03 92.252 45.075 176H12c-6.627 0-12 5.373-12 12v29.755c0 6.627 5.373 12 12 12h21.569c-1.009 13.607-1.181 29.287-.181 42.245H12c-6.627 0-12 5.373-12 12v28.36c0 6.627 5.373 12 12 12h30.114C67.139 414.692 145.264 480 249.635 480c26.301 0 48.562-4.544 61.101-7.788 6.167-1.595 10.027-7.708 8.788-13.957l-8.818-44.49z\"><\/path><\/svg>\t\t\t\t<\/span>\n\t\t\t<\/div>\n\t\t\t\n\t\t\t\t\t\t<div class=\"elementor-icon-box-content\">\n\n\t\t\t\t\n\t\t\t\t\t\t\t\t\t<p class=\"elementor-icon-box-description\">\n\t\t\t\t\t\tOp\u0142ata za \u0142adowanie jest naliczana zgodnie z aktualnym cennikiem 0,39 \u20ac \/ kWh\n\n\t\t\t\t\t<\/p>\n\t\t\t\t\n\t\t\t<\/div>\n\t\t\t\n\t\t<\/div>\n\t\t\t\t\t\t<\/div>\n\t\t\t\t<\/div>\n\t\t\t\t<div class=\"elementor-element elementor-element-6d6c3af elementor-view-default elementor-position-block-start elementor-mobile-position-block-start elementor-widget elementor-widget-icon-box\" data-id=\"6d6c3af\" data-element_type=\"widget\" data-e-type=\"widget\" data-widget_type=\"icon-box.default\">\n\t\t\t\t<div class=\"elementor-widget-container\">\n\t\t\t\t\t\t\t<div class=\"elementor-icon-box-wrapper\">\n\n\t\t\t\t\t\t<div class=\"elementor-icon-box-icon\">\n\t\t\t\t<span  class=\"elementor-icon elementor-animation-grow\">\n\t\t\t\t<svg aria-hidden=\"true\" class=\"e-font-icon-svg e-fas-user-friends\" viewBox=\"0 0 640 512\" xmlns=\"http:\/\/www.w3.org\/2000\/svg\"><path d=\"M192 256c61.9 0 112-50.1 112-112S253.9 32 192 32 80 82.1 80 144s50.1 112 112 112zm76.8 32h-8.3c-20.8 10-43.9 16-68.5 16s-47.6-6-68.5-16h-8.3C51.6 288 0 339.6 0 403.2V432c0 26.5 21.5 48 48 48h288c26.5 0 48-21.5 48-48v-28.8c0-63.6-51.6-115.2-115.2-115.2zM480 256c53 0 96-43 96-96s-43-96-96-96-96 43-96 96 43 96 96 96zm48 32h-3.8c-13.9 4.8-28.6 8-44.2 8s-30.3-3.2-44.2-8H432c-20.4 0-39.2 5.9-55.7 15.4 24.4 26.3 39.7 61.2 39.7 99.8v38.4c0 2.2-.5 4.3-.6 6.4H592c26.5 0 48-21.5 48-48 0-61.9-50.1-112-112-112z\"><\/path><\/svg>\t\t\t\t<\/span>\n\t\t\t<\/div>\n\t\t\t\n\t\t\t\t\t\t<div class=\"elementor-icon-box-content\">\n\n\t\t\t\t\n\t\t\t\t\t\t\t\t\t<p class=\"elementor-icon-box-description\">\n\t\t\t\t\t\tW razie potrzeby ch\u0119tnie pomo\u017cemy w obs\u0142udze \u0142adowarki\n\n\t\t\t\t\t<\/p>\n\t\t\t\t\n\t\t\t<\/div>\n\t\t\t\n\t\t<\/div>\n\t\t\t\t\t\t<\/div>\n\t\t\t\t<\/div>\n\t\t\t\t<\/div>\n\t\t\t\t<\/div>\n\t\t\t\t<div class=\"elementor-element elementor-element-ff686bb elementor-widget elementor-widget-text-editor\" data-id=\"ff686bb\" data-element_type=\"widget\" data-e-type=\"widget\" data-widget_type=\"text-editor.default\">\n\t\t\t\t<div class=\"elementor-widget-container\">\n\t\t\t\t\t\t\t\t\t<p data-start=\"1571\" data-end=\"1742\">Je\u015bli chcesz na\u0142adowa\u0107 sw\u00f3j <strong>samoch\u00f3d elektryczny<\/strong>, skontaktuj si\u0119 z nami &#8211; z przyjemno\u015bci\u0105 zdalnie aktywujemy stacj\u0119 Wallbox. Przed rozpocz\u0119ciem \u0142adowania nale\u017cy wp\u0142aci\u0107 <strong>depozyt w wysoko\u015bci 100 \u20ac<\/strong> na nasze konto bankowe ( <strong>SK91 1100 0000 0029 3139 4350<\/strong> ). Pobieramy op\u0142at\u0119 tylko za faktycznie zu\u017cyt\u0105 kWh, w cenie 0,39 \u20ac za kWh. Wszelkie nadp\u0142aty zostan\u0105 zwr\u00f3cone w ca\u0142o\u015bci.   <\/p>\t\t\t\t\t\t\t\t<\/div>\n\t\t\t\t<\/div>\n\t\t\t\t\t<\/div>\n\t\t\t\t<\/div>\n\t\t<div class=\"elementor-element elementor-element-091a88d e-con-full e-flex e-con e-parent\" data-id=\"091a88d\" data-element_type=\"container\" data-e-type=\"container\">\n\t\t\t\t<div class=\"elementor-element elementor-element-81d09a8 elementor-cta--skin-cover elementor-bg-transform elementor-bg-transform-zoom-in elementor-widget elementor-widget-call-to-action\" data-id=\"81d09a8\" data-element_type=\"widget\" data-e-type=\"widget\" data-widget_type=\"call-to-action.default\">\n\t\t\t\t<div class=\"elementor-widget-container\">\n\t\t\t\t\t\t\t<div class=\"elementor-cta\">\n\t\t\t\t\t<div class=\"elementor-cta__bg-wrapper\">\n\t\t\t\t<div class=\"elementor-cta__bg elementor-bg\" style=\"background-image: url(https:\/\/www.vilarohacka.sk\/wp-content\/uploads\/2025\/07\/wall_box_orava-1024x317.jpg);\" role=\"img\" aria-label=\"wall_box_orava\"><\/div>\n\t\t\t\t<div class=\"elementor-cta__bg-overlay\"><\/div>\n\t\t\t<\/div>\n\t\t\t\t\t\t\t<div class=\"elementor-cta__content\">\n\t\t\t\t\n\t\t\t\t\t\t\t\t\t<h2 class=\"elementor-cta__title elementor-cta__content-item elementor-content-item\">\n\t\t\t\t\t\tKontakt i dalsze informacje\t\t\t\t\t<\/h2>\n\t\t\t\t\n\t\t\t\t\t\t\t\t\t<div class=\"elementor-cta__description elementor-cta__content-item elementor-content-item\">\n\t\t\t\t\t\tMasz pytania dotycz\u0105ce \u0142adowania lub potrzebujesz pomocy? Skontaktuj si\u0119 z nami\t\t\t\t\t<\/div>\n\t\t\t\t\n\t\t\t\t\t\t\t\t\t<div class=\"elementor-cta__button-wrapper elementor-cta__content-item elementor-content-item \">\n\t\t\t\t\t<a class=\"elementor-cta__button elementor-button elementor-size-\" href=\"https:\/\/www.vilarohacka.sk\/kontakt\/\">\n\t\t\t\t\t\tKontakt\t\t\t\t\t<\/a>\n\t\t\t\t\t<\/div>\n\t\t\t\t\t\t\t<\/div>\n\t\t\t\t\t\t<\/div>\n\t\t\t\t\t\t<\/div>\n\t\t\t\t<\/div>\n\t\t\t\t<\/div>\n\t\t\t\t<\/div>\n\t\t","protected":false},"excerpt":{"rendered":"<p>Wallbox w willi Roh\u00e1\u010dka Naszym go\u015bciom oferujemy nowoczesn\u0105 stacj\u0119 \u0142adowania Wallbox do wygodnego \u0142adowania samochod\u00f3w elektrycznych bezpo\u015brednio na parkingu. Wygodne \u0142adowanie samochod\u00f3w elektrycznych dla go\u015bci Oferujemy nowoczesn\u0105 stacj\u0119 \u0142adowania Wallbox bezpo\u015brednio na parkingu, dzi\u0119ki czemu mo\u017cna wygodnie na\u0142adowa\u0107 samoch\u00f3d elektryczny podczas pobytu. \u0141adowanie jest szybkie, bezpieczne i dost\u0119pne dla wszystkich popularnych typ\u00f3w pojazd\u00f3w elektrycznych. Ciesz [&hellip;]<\/p>\n","protected":false},"author":1,"featured_media":0,"parent":0,"menu_order":0,"comment_status":"closed","ping_status":"closed","template":"","meta":{"_acf_changed":false,"footnotes":""},"class_list":["post-1921","page","type-page","status-publish","hentry"],"acf":[],"yoast_head":"<!-- This site is optimized with the Yoast SEO plugin v27.6 - https:\/\/yoast.com\/product\/yoast-seo-wordpress\/ -->\n<title>Skrzynka \u015bcienna - Vila Roh\u00e1\u010dka<\/title>\n<meta name=\"description\" content=\"Podczas pobytu mo\u017cna skorzysta\u0107 z \u0142adowarki elektrycznej w Orava. Mo\u017cna go zam\u00f3wi\u0107 podczas dokonywania rezerwacji lub na miejscu.\" \/>\n<meta name=\"robots\" content=\"index, follow, max-snippet:-1, max-image-preview:large, max-video-preview:-1\" \/>\n<link rel=\"canonical\" href=\"https:\/\/www.vilarohacka.sk\/pl\/skrzynka-scienna\/\" \/>\n<meta property=\"og:locale\" content=\"pl_PL\" \/>\n<meta property=\"og:type\" content=\"article\" \/>\n<meta property=\"og:title\" content=\"Skrzynka \u015bcienna - Vila Roh\u00e1\u010dka\" \/>\n<meta property=\"og:description\" content=\"Podczas pobytu mo\u017cna skorzysta\u0107 z \u0142adowarki elektrycznej w Orava. Mo\u017cna go zam\u00f3wi\u0107 podczas dokonywania rezerwacji lub na miejscu.\" \/>\n<meta property=\"og:url\" content=\"https:\/\/www.vilarohacka.sk\/pl\/skrzynka-scienna\/\" \/>\n<meta property=\"og:site_name\" content=\"Vila Roh\u00e1\u010dka\" \/>\n<meta property=\"article:modified_time\" content=\"2025-07-23T07:21:40+00:00\" \/>\n<meta property=\"og:image\" content=\"https:\/\/www.vilarohacka.sk\/wp-content\/uploads\/2025\/07\/vila_rohacka_exterier.jpg\" \/>\n\t<meta property=\"og:image:width\" content=\"1500\" \/>\n\t<meta property=\"og:image:height\" content=\"998\" \/>\n\t<meta property=\"og:image:type\" content=\"image\/jpeg\" \/>\n<meta name=\"twitter:card\" content=\"summary_large_image\" \/>\n<meta name=\"twitter:label1\" content=\"Szacowany czas czytania\" \/>\n\t<meta name=\"twitter:data1\" content=\"1 minuta\" \/>\n<script type=\"application\/ld+json\" class=\"yoast-schema-graph\">{\"@context\":\"https:\\\/\\\/schema.org\",\"@graph\":[{\"@type\":\"WebPage\",\"@id\":\"https:\\\/\\\/www.vilarohacka.sk\\\/pl\\\/skrzynka-scienna\\\/\",\"url\":\"https:\\\/\\\/www.vilarohacka.sk\\\/pl\\\/skrzynka-scienna\\\/\",\"name\":\"Skrzynka \u015bcienna - Vila Roh\u00e1\u010dka\",\"isPartOf\":{\"@id\":\"https:\\\/\\\/www.vilarohacka.sk\\\/pl\\\/#website\"},\"datePublished\":\"2025-06-12T09:17:58+00:00\",\"dateModified\":\"2025-07-23T07:21:40+00:00\",\"description\":\"Podczas pobytu mo\u017cna skorzysta\u0107 z \u0142adowarki elektrycznej w Orava. Mo\u017cna go zam\u00f3wi\u0107 podczas dokonywania rezerwacji lub na miejscu.\",\"breadcrumb\":{\"@id\":\"https:\\\/\\\/www.vilarohacka.sk\\\/pl\\\/skrzynka-scienna\\\/#breadcrumb\"},\"inLanguage\":\"pl-PL\",\"potentialAction\":[{\"@type\":\"ReadAction\",\"target\":[\"https:\\\/\\\/www.vilarohacka.sk\\\/pl\\\/skrzynka-scienna\\\/\"]}]},{\"@type\":\"BreadcrumbList\",\"@id\":\"https:\\\/\\\/www.vilarohacka.sk\\\/pl\\\/skrzynka-scienna\\\/#breadcrumb\",\"itemListElement\":[{\"@type\":\"ListItem\",\"position\":1,\"name\":\"Domovsk\u00e1 str\u00e1nka\",\"item\":\"https:\\\/\\\/www.vilarohacka.sk\\\/pl\\\/strona-glowna\\\/\"},{\"@type\":\"ListItem\",\"position\":2,\"name\":\"Skrzynka \u015bcienna\"}]},{\"@type\":\"WebSite\",\"@id\":\"https:\\\/\\\/www.vilarohacka.sk\\\/pl\\\/#website\",\"url\":\"https:\\\/\\\/www.vilarohacka.sk\\\/pl\\\/\",\"name\":\"Vila Roh\u00e1\u010dka\",\"description\":\"\",\"publisher\":{\"@id\":\"https:\\\/\\\/www.vilarohacka.sk\\\/pl\\\/#organization\"},\"potentialAction\":[{\"@type\":\"SearchAction\",\"target\":{\"@type\":\"EntryPoint\",\"urlTemplate\":\"https:\\\/\\\/www.vilarohacka.sk\\\/pl\\\/?s={search_term_string}\"},\"query-input\":{\"@type\":\"PropertyValueSpecification\",\"valueRequired\":true,\"valueName\":\"search_term_string\"}}],\"inLanguage\":\"pl-PL\"},{\"@type\":\"Organization\",\"@id\":\"https:\\\/\\\/www.vilarohacka.sk\\\/pl\\\/#organization\",\"name\":\"Vila Roh\u00e1\u010dka\",\"url\":\"https:\\\/\\\/www.vilarohacka.sk\\\/pl\\\/\",\"logo\":{\"@type\":\"ImageObject\",\"inLanguage\":\"pl-PL\",\"@id\":\"https:\\\/\\\/www.vilarohacka.sk\\\/pl\\\/#\\\/schema\\\/logo\\\/image\\\/\",\"url\":\"https:\\\/\\\/www.vilarohacka.sk\\\/wp-content\\\/uploads\\\/2025\\\/05\\\/cropped-Favicon_vila_rohacka.png\",\"contentUrl\":\"https:\\\/\\\/www.vilarohacka.sk\\\/wp-content\\\/uploads\\\/2025\\\/05\\\/cropped-Favicon_vila_rohacka.png\",\"width\":512,\"height\":512,\"caption\":\"Vila Roh\u00e1\u010dka\"},\"image\":{\"@id\":\"https:\\\/\\\/www.vilarohacka.sk\\\/pl\\\/#\\\/schema\\\/logo\\\/image\\\/\"}}]}<\/script>\n<!-- \/ Yoast SEO plugin. -->","yoast_head_json":{"title":"Skrzynka \u015bcienna - Vila Roh\u00e1\u010dka","description":"Podczas pobytu mo\u017cna skorzysta\u0107 z \u0142adowarki elektrycznej w Orava. Mo\u017cna go zam\u00f3wi\u0107 podczas dokonywania rezerwacji lub na miejscu.","robots":{"index":"index","follow":"follow","max-snippet":"max-snippet:-1","max-image-preview":"max-image-preview:large","max-video-preview":"max-video-preview:-1"},"canonical":"https:\/\/www.vilarohacka.sk\/pl\/skrzynka-scienna\/","og_locale":"pl_PL","og_type":"article","og_title":"Skrzynka \u015bcienna - Vila Roh\u00e1\u010dka","og_description":"Podczas pobytu mo\u017cna skorzysta\u0107 z \u0142adowarki elektrycznej w Orava. Mo\u017cna go zam\u00f3wi\u0107 podczas dokonywania rezerwacji lub na miejscu.","og_url":"https:\/\/www.vilarohacka.sk\/pl\/skrzynka-scienna\/","og_site_name":"Vila Roh\u00e1\u010dka","article_modified_time":"2025-07-23T07:21:40+00:00","og_image":[{"width":1500,"height":998,"url":"https:\/\/www.vilarohacka.sk\/wp-content\/uploads\/2025\/07\/vila_rohacka_exterier.jpg","type":"image\/jpeg"}],"twitter_card":"summary_large_image","twitter_misc":{"Szacowany czas czytania":"1 minuta"},"schema":{"@context":"https:\/\/schema.org","@graph":[{"@type":"WebPage","@id":"https:\/\/www.vilarohacka.sk\/pl\/skrzynka-scienna\/","url":"https:\/\/www.vilarohacka.sk\/pl\/skrzynka-scienna\/","name":"Skrzynka \u015bcienna - Vila Roh\u00e1\u010dka","isPartOf":{"@id":"https:\/\/www.vilarohacka.sk\/pl\/#website"},"datePublished":"2025-06-12T09:17:58+00:00","dateModified":"2025-07-23T07:21:40+00:00","description":"Podczas pobytu mo\u017cna skorzysta\u0107 z \u0142adowarki elektrycznej w Orava. Mo\u017cna go zam\u00f3wi\u0107 podczas dokonywania rezerwacji lub na miejscu.","breadcrumb":{"@id":"https:\/\/www.vilarohacka.sk\/pl\/skrzynka-scienna\/#breadcrumb"},"inLanguage":"pl-PL","potentialAction":[{"@type":"ReadAction","target":["https:\/\/www.vilarohacka.sk\/pl\/skrzynka-scienna\/"]}]},{"@type":"BreadcrumbList","@id":"https:\/\/www.vilarohacka.sk\/pl\/skrzynka-scienna\/#breadcrumb","itemListElement":[{"@type":"ListItem","position":1,"name":"Domovsk\u00e1 str\u00e1nka","item":"https:\/\/www.vilarohacka.sk\/pl\/strona-glowna\/"},{"@type":"ListItem","position":2,"name":"Skrzynka \u015bcienna"}]},{"@type":"WebSite","@id":"https:\/\/www.vilarohacka.sk\/pl\/#website","url":"https:\/\/www.vilarohacka.sk\/pl\/","name":"Vila Roh\u00e1\u010dka","description":"","publisher":{"@id":"https:\/\/www.vilarohacka.sk\/pl\/#organization"},"potentialAction":[{"@type":"SearchAction","target":{"@type":"EntryPoint","urlTemplate":"https:\/\/www.vilarohacka.sk\/pl\/?s={search_term_string}"},"query-input":{"@type":"PropertyValueSpecification","valueRequired":true,"valueName":"search_term_string"}}],"inLanguage":"pl-PL"},{"@type":"Organization","@id":"https:\/\/www.vilarohacka.sk\/pl\/#organization","name":"Vila Roh\u00e1\u010dka","url":"https:\/\/www.vilarohacka.sk\/pl\/","logo":{"@type":"ImageObject","inLanguage":"pl-PL","@id":"https:\/\/www.vilarohacka.sk\/pl\/#\/schema\/logo\/image\/","url":"https:\/\/www.vilarohacka.sk\/wp-content\/uploads\/2025\/05\/cropped-Favicon_vila_rohacka.png","contentUrl":"https:\/\/www.vilarohacka.sk\/wp-content\/uploads\/2025\/05\/cropped-Favicon_vila_rohacka.png","width":512,"height":512,"caption":"Vila Roh\u00e1\u010dka"},"image":{"@id":"https:\/\/www.vilarohacka.sk\/pl\/#\/schema\/logo\/image\/"}}]}},"_links":{"self":[{"href":"https:\/\/www.vilarohacka.sk\/pl\/wp-json\/wp\/v2\/pages\/1921","targetHints":{"allow":["GET"]}}],"collection":[{"href":"https:\/\/www.vilarohacka.sk\/pl\/wp-json\/wp\/v2\/pages"}],"about":[{"href":"https:\/\/www.vilarohacka.sk\/pl\/wp-json\/wp\/v2\/types\/page"}],"author":[{"embeddable":true,"href":"https:\/\/www.vilarohacka.sk\/pl\/wp-json\/wp\/v2\/users\/1"}],"replies":[{"embeddable":true,"href":"https:\/\/www.vilarohacka.sk\/pl\/wp-json\/wp\/v2\/comments?post=1921"}],"version-history":[{"count":2,"href":"https:\/\/www.vilarohacka.sk\/pl\/wp-json\/wp\/v2\/pages\/1921\/revisions"}],"predecessor-version":[{"id":2004,"href":"https:\/\/www.vilarohacka.sk\/pl\/wp-json\/wp\/v2\/pages\/1921\/revisions\/2004"}],"wp:attachment":[{"href":"https:\/\/www.vilarohacka.sk\/pl\/wp-json\/wp\/v2\/media?parent=1921"}],"curies":[{"name":"wp","href":"https:\/\/api.w.org\/{rel}","templated":true}]}}